{"id":11,"date":"2020-01-21T15:26:46","date_gmt":"2020-01-21T15:26:46","guid":{"rendered":"https:\/\/creatives-aus-stahl.de\/?page_id=11"},"modified":"2025-11-19T08:10:52","modified_gmt":"2025-11-19T08:10:52","slug":"startseite","status":"publish","type":"page","link":"https:\/\/creatives-aus-stahl.de\/","title":{"rendered":"Startseite"},"content":{"rendered":"\t\t<div data-elementor-type=\"wp-page\" data-elementor-id=\"11\" class=\"elementor elementor-11\" data-elementor-post-type=\"page\">\n\t\t\t\t\t\t<section class=\"elementor-section elementor-top-section elementor-element elementor-element-1d68e2b elementor-section-height-full elementor-section-items-bottom elementor-section-boxed elementor-section-height-default\" data-id=\"1d68e2b\" data-element_type=\"section\" data-e-type=\"section\" data-settings=\"{&quot;background_background&quot;:&quot;classic&quot;}\">\n\t\t\t\t\t\t<div class=\"elementor-container elementor-column-gap-default\">\n\t\t\t\t\t<div class=\"elementor-column elementor-col-50 elementor-top-column elementor-element elementor-element-a7ccb2d\" data-id=\"a7ccb2d\" data-element_type=\"column\" data-e-type=\"column\" data-settings=\"{&quot;background_background&quot;:&quot;classic&quot;}\">\n\t\t\t<div class=\"elementor-widget-wrap elementor-element-populated\">\n\t\t\t\t\t<div class=\"elementor-background-overlay\"><\/div>\n\t\t\t\t\t\t<div class=\"elementor-element elementor-element-fe161a7 elementor-widget elementor-widget-heading\" data-id=\"fe161a7\" data-element_type=\"widget\" data-e-type=\"widget\" data-widget_type=\"heading.default\">\n\t\t\t\t<div class=\"elementor-widget-container\">\n\t\t\t\t\t<h2 class=\"elementor-heading-title elementor-size-default\"><a href=\"https:\/\/creatives-aus-stahl.de\/index.php\/referenzen\/\">Bauschlosserei <br>\nSchwei\u00dffachbetrieb <br>\nStahlbau <br>\nSonderkonstruktionen <br>\nTreppen <br>\nGel\u00e4nder <br>\nVord\u00e4cher<\/a><\/h2>\t\t\t\t<\/div>\n\t\t\t\t<\/div>\n\t\t\t\t\t<\/div>\n\t\t<\/div>\n\t\t\t\t<div class=\"elementor-column elementor-col-50 elementor-top-column elementor-element elementor-element-020a7a7\" data-id=\"020a7a7\" data-element_type=\"column\" data-e-type=\"column\">\n\t\t\t<div class=\"elementor-widget-wrap elementor-element-populated\">\n\t\t\t\t\t\t<div class=\"elementor-element elementor-element-908d62f elementor-widget elementor-widget-spacer\" data-id=\"908d62f\" data-element_type=\"widget\" data-e-type=\"widget\" data-widget_type=\"spacer.default\">\n\t\t\t\t<div class=\"elementor-widget-container\">\n\t\t\t\t\t\t\t<div class=\"elementor-spacer\">\n\t\t\t<div class=\"elementor-spacer-inner\"><\/div>\n\t\t<\/div>\n\t\t\t\t\t\t<\/div>\n\t\t\t\t<\/div>\n\t\t\t\t\t<\/div>\n\t\t<\/div>\n\t\t\t\t\t<\/div>\n\t\t<\/section>\n\t\t\t\t<section class=\"elementor-section elementor-top-section elementor-element elementor-element-7cebee3 elementor-section-boxed elementor-section-height-default elementor-section-height-default\" data-id=\"7cebee3\" data-element_type=\"section\" data-e-type=\"section\">\n\t\t\t\t\t\t<div class=\"elementor-container elementor-column-gap-default\">\n\t\t\t\t\t<div class=\"elementor-column elementor-col-100 elementor-top-column elementor-element elementor-element-a57f4f7\" data-id=\"a57f4f7\" data-element_type=\"column\" data-e-type=\"column\">\n\t\t\t<div class=\"elementor-widget-wrap elementor-element-populated\">\n\t\t\t\t\t\t\t<\/div>\n\t\t<\/div>\n\t\t\t\t\t<\/div>\n\t\t<\/section>\n\t\t\t\t<\/div>\n\t\t","protected":false},"excerpt":{"rendered":"<p>Bauschlosserei Schwei\u00dffachbetrieb Stahlbau Sonderkonstruktionen Treppen Gel\u00e4nder Vord\u00e4cher<\/p>\n","protected":false},"author":1,"featured_media":0,"parent":0,"menu_order":0,"comment_status":"closed","ping_status":"closed","template":"","meta":{"site-sidebar-layout":"no-sidebar","site-content-layout":"page-builder","ast-site-content-layout":"default","site-content-style":"default","site-sidebar-style":"default","ast-global-header-display":"","ast-banner-title-visibility":"","ast-main-header-display":"","ast-hfb-above-header-display":"","ast-hfb-below-header-display":"","ast-hfb-mobile-header-display":"","site-post-title":"disabled","ast-breadcrumbs-content":"","ast-featured-img":"disabled","footer-sml-layout":"","theme-transparent-header-meta":"default","adv-header-id-meta":"","stick-header-meta":"","header-above-stick-meta":"","header-main-stick-meta":"","header-below-stick-meta":"","astra-migrate-meta-layouts":"default","ast-page-background-enabled":"default","ast-page-background-meta":{"desktop":{"background-color":"","background-image":"","background-repeat":"repeat","background-position":"center center","background-size":"auto","background-attachment":"scroll","background-type":"","background-media":"","overlay-type":"","overlay-color":"","overlay-opacity":"","overlay-gradient":""},"tablet":{"background-color":"","background-image":"","background-repeat":"repeat","background-position":"center center","background-size":"auto","background-attachment":"scroll","background-type":"","background-media":"","overlay-type":"","overlay-color":"","overlay-opacity":"","overlay-gradient":""},"mobile":{"background-color":"","background-image":"","background-repeat":"repeat","background-position":"center center","background-size":"auto","background-attachment":"scroll","background-type":"","background-media":"","overlay-type":"","overlay-color":"","overlay-opacity":"","overlay-gradient":""}},"ast-content-background-meta":{"desktop":{"background-color":"var(--ast-global-color-5)","background-image":"","background-repeat":"repeat","background-position":"center center","background-size":"auto","background-attachment":"scroll","background-type":"","background-media":"","overlay-type":"","overlay-color":"","overlay-opacity":"","overlay-gradient":""},"tablet":{"background-color":"var(--ast-global-color-5)","background-image":"","background-repeat":"repeat","background-position":"center center","background-size":"auto","background-attachment":"scroll","background-type":"","background-media":"","overlay-type":"","overlay-color":"","overlay-opacity":"","overlay-gradient":""},"mobile":{"background-color":"var(--ast-global-color-5)","background-image":"","background-repeat":"repeat","background-position":"center center","background-size":"auto","background-attachment":"scroll","background-type":"","background-media":"","overlay-type":"","overlay-color":"","overlay-opacity":"","overlay-gradient":""}},"footnotes":""},"class_list":["post-11","page","type-page","status-publish","hentry"],"yoast_head":"<!-- This site is optimized with the Yoast SEO plugin v27.4 - https:\/\/yoast.com\/product\/yoast-seo-wordpress\/ -->\n<title>Startseite - Creatives aus Stahl<\/title>\n<meta name=\"robots\" content=\"index, follow, max-snippet:-1, max-image-preview:large, max-video-preview:-1\" \/>\n<link rel=\"canonical\" href=\"https:\/\/creatives-aus-stahl.de\/\" \/>\n<meta property=\"og:locale\" content=\"de_DE\" \/>\n<meta property=\"og:type\" content=\"article\" \/>\n<meta property=\"og:title\" content=\"Startseite - Creatives aus Stahl\" \/>\n<meta property=\"og:description\" content=\"Bauschlosserei Schwei\u00dffachbetrieb Stahlbau Sonderkonstruktionen Treppen Gel\u00e4nder Vord\u00e4cher\" \/>\n<meta property=\"og:url\" content=\"https:\/\/creatives-aus-stahl.de\/\" \/>\n<meta property=\"og:site_name\" content=\"Creatives aus Stahl\" \/>\n<meta property=\"article:modified_time\" content=\"2025-11-19T08:10:52+00:00\" \/>\n<meta name=\"twitter:card\" content=\"summary_large_image\" \/>\n<meta name=\"twitter:label1\" content=\"Gesch\u00e4tzte Lesezeit\" \/>\n\t<meta name=\"twitter:data1\" content=\"1\u00a0Minute\" \/>\n<script type=\"application\/ld+json\" class=\"yoast-schema-graph\">{\"@context\":\"https:\\\/\\\/schema.org\",\"@graph\":[{\"@type\":\"WebPage\",\"@id\":\"https:\\\/\\\/creatives-aus-stahl.de\\\/\",\"url\":\"https:\\\/\\\/creatives-aus-stahl.de\\\/\",\"name\":\"Startseite - Creatives aus Stahl\",\"isPartOf\":{\"@id\":\"https:\\\/\\\/creatives-aus-stahl.de\\\/#website\"},\"datePublished\":\"2020-01-21T15:26:46+00:00\",\"dateModified\":\"2025-11-19T08:10:52+00:00\",\"breadcrumb\":{\"@id\":\"https:\\\/\\\/creatives-aus-stahl.de\\\/#breadcrumb\"},\"inLanguage\":\"de\",\"potentialAction\":[{\"@type\":\"ReadAction\",\"target\":[\"https:\\\/\\\/creatives-aus-stahl.de\\\/\"]}]},{\"@type\":\"BreadcrumbList\",\"@id\":\"https:\\\/\\\/creatives-aus-stahl.de\\\/#breadcrumb\",\"itemListElement\":[{\"@type\":\"ListItem\",\"position\":1,\"name\":\"Startseite\",\"item\":\"https:\\\/\\\/creatives-aus-stahl.de\\\/\"},{\"@type\":\"ListItem\",\"position\":2,\"name\":\"Startseite\"}]},{\"@type\":\"WebSite\",\"@id\":\"https:\\\/\\\/creatives-aus-stahl.de\\\/#website\",\"url\":\"https:\\\/\\\/creatives-aus-stahl.de\\\/\",\"name\":\"Creatives aus Stahl\",\"description\":\"von Reichenbach\",\"publisher\":{\"@id\":\"https:\\\/\\\/creatives-aus-stahl.de\\\/#organization\"},\"potentialAction\":[{\"@type\":\"SearchAction\",\"target\":{\"@type\":\"EntryPoint\",\"urlTemplate\":\"https:\\\/\\\/creatives-aus-stahl.de\\\/?s={search_term_string}\"},\"query-input\":{\"@type\":\"PropertyValueSpecification\",\"valueRequired\":true,\"valueName\":\"search_term_string\"}}],\"inLanguage\":\"de\"},{\"@type\":\"Organization\",\"@id\":\"https:\\\/\\\/creatives-aus-stahl.de\\\/#organization\",\"name\":\"Creatives aus Stahl\",\"url\":\"https:\\\/\\\/creatives-aus-stahl.de\\\/\",\"logo\":{\"@type\":\"ImageObject\",\"inLanguage\":\"de\",\"@id\":\"https:\\\/\\\/creatives-aus-stahl.de\\\/#\\\/schema\\\/logo\\\/image\\\/\",\"url\":\"https:\\\/\\\/creatives-aus-stahl.de\\\/wp-content\\\/uploads\\\/2020\\\/01\\\/logo_Redesign.png\",\"contentUrl\":\"https:\\\/\\\/creatives-aus-stahl.de\\\/wp-content\\\/uploads\\\/2020\\\/01\\\/logo_Redesign.png\",\"width\":188,\"height\":99,\"caption\":\"Creatives aus Stahl\"},\"image\":{\"@id\":\"https:\\\/\\\/creatives-aus-stahl.de\\\/#\\\/schema\\\/logo\\\/image\\\/\"}}]}<\/script>\n<!-- \/ Yoast SEO plugin. -->","yoast_head_json":{"title":"Startseite - Creatives aus Stahl","robots":{"index":"index","follow":"follow","max-snippet":"max-snippet:-1","max-image-preview":"max-image-preview:large","max-video-preview":"max-video-preview:-1"},"canonical":"https:\/\/creatives-aus-stahl.de\/","og_locale":"de_DE","og_type":"article","og_title":"Startseite - Creatives aus Stahl","og_description":"Bauschlosserei Schwei\u00dffachbetrieb Stahlbau Sonderkonstruktionen Treppen Gel\u00e4nder Vord\u00e4cher","og_url":"https:\/\/creatives-aus-stahl.de\/","og_site_name":"Creatives aus Stahl","article_modified_time":"2025-11-19T08:10:52+00:00","twitter_card":"summary_large_image","twitter_misc":{"Gesch\u00e4tzte Lesezeit":"1\u00a0Minute"},"schema":{"@context":"https:\/\/schema.org","@graph":[{"@type":"WebPage","@id":"https:\/\/creatives-aus-stahl.de\/","url":"https:\/\/creatives-aus-stahl.de\/","name":"Startseite - Creatives aus Stahl","isPartOf":{"@id":"https:\/\/creatives-aus-stahl.de\/#website"},"datePublished":"2020-01-21T15:26:46+00:00","dateModified":"2025-11-19T08:10:52+00:00","breadcrumb":{"@id":"https:\/\/creatives-aus-stahl.de\/#breadcrumb"},"inLanguage":"de","potentialAction":[{"@type":"ReadAction","target":["https:\/\/creatives-aus-stahl.de\/"]}]},{"@type":"BreadcrumbList","@id":"https:\/\/creatives-aus-stahl.de\/#breadcrumb","itemListElement":[{"@type":"ListItem","position":1,"name":"Startseite","item":"https:\/\/creatives-aus-stahl.de\/"},{"@type":"ListItem","position":2,"name":"Startseite"}]},{"@type":"WebSite","@id":"https:\/\/creatives-aus-stahl.de\/#website","url":"https:\/\/creatives-aus-stahl.de\/","name":"Creatives aus Stahl","description":"von Reichenbach","publisher":{"@id":"https:\/\/creatives-aus-stahl.de\/#organization"},"potentialAction":[{"@type":"SearchAction","target":{"@type":"EntryPoint","urlTemplate":"https:\/\/creatives-aus-stahl.de\/?s={search_term_string}"},"query-input":{"@type":"PropertyValueSpecification","valueRequired":true,"valueName":"search_term_string"}}],"inLanguage":"de"},{"@type":"Organization","@id":"https:\/\/creatives-aus-stahl.de\/#organization","name":"Creatives aus Stahl","url":"https:\/\/creatives-aus-stahl.de\/","logo":{"@type":"ImageObject","inLanguage":"de","@id":"https:\/\/creatives-aus-stahl.de\/#\/schema\/logo\/image\/","url":"https:\/\/creatives-aus-stahl.de\/wp-content\/uploads\/2020\/01\/logo_Redesign.png","contentUrl":"https:\/\/creatives-aus-stahl.de\/wp-content\/uploads\/2020\/01\/logo_Redesign.png","width":188,"height":99,"caption":"Creatives aus Stahl"},"image":{"@id":"https:\/\/creatives-aus-stahl.de\/#\/schema\/logo\/image\/"}}]}},"_links":{"self":[{"href":"https:\/\/creatives-aus-stahl.de\/index.php\/wp-json\/wp\/v2\/pages\/11","targetHints":{"allow":["GET"]}}],"collection":[{"href":"https:\/\/creatives-aus-stahl.de\/index.php\/wp-json\/wp\/v2\/pages"}],"about":[{"href":"https:\/\/creatives-aus-stahl.de\/index.php\/wp-json\/wp\/v2\/types\/page"}],"author":[{"embeddable":true,"href":"https:\/\/creatives-aus-stahl.de\/index.php\/wp-json\/wp\/v2\/users\/1"}],"replies":[{"embeddable":true,"href":"https:\/\/creatives-aus-stahl.de\/index.php\/wp-json\/wp\/v2\/comments?post=11"}],"version-history":[{"count":76,"href":"https:\/\/creatives-aus-stahl.de\/index.php\/wp-json\/wp\/v2\/pages\/11\/revisions"}],"predecessor-version":[{"id":1066,"href":"https:\/\/creatives-aus-stahl.de\/index.php\/wp-json\/wp\/v2\/pages\/11\/revisions\/1066"}],"wp:attachment":[{"href":"https:\/\/creatives-aus-stahl.de\/index.php\/wp-json\/wp\/v2\/media?parent=11"}],"curies":[{"name":"wp","href":"https:\/\/api.w.org\/{rel}","templated":true}]}}